{"id":1068,"date":"2025-02-18T18:02:31","date_gmt":"2025-02-18T22:02:31","guid":{"rendered":"https:\/\/bookpanamatours.com\/guias-de-viaje-en-panama\/guia-de-viaje-lgbtq-de-panama\/"},"modified":"2025-12-21T20:12:18","modified_gmt":"2025-12-22T00:12:18","slug":"lgbtq-travel-panama","status":"publish","type":"page","link":"https:\/\/bookpanamatours.com\/es\/guias-de-viaje-en-panama\/lgbtq-travel-panama\/","title":{"rendered":"Gu\u00eda de viaje LGBTQ+ de Panam\u00e1"},"content":{"rendered":"<h2 data-pm-slice=\"1 1 []\"><strong>Gira nocturna por Panam\u00e1<\/strong><\/h2>\n<p>Para los viajeros que deseen conocer de primera mano la vibrante vida nocturna LGBTQ+ de Panam\u00e1, la <strong>Excursi\u00f3n Nocturna Out in Panama<\/strong> es imprescindible. Esta visita guiada lleva a los hu\u00e9spedes a algunos de los mejores bares, clubes y lugares de ocio gay-friendly de Ciudad de Panam\u00e1. <\/p>\n<h3><strong>Qu\u00e9 puedes esperar:<\/strong><\/h3>\n<ul data-spread=\"false\">\n<li><strong>Visita los Mejores Bares y Clubes LGBTQ+<\/strong> &#8211; Experimenta los locales m\u00e1s de moda, desde elegantes salones a pistas de baile llenas de energ\u00eda.<\/li>\n<li><strong>Conoce a viajeros y lugare\u00f1os afines<\/strong> &#8211; Una forma estupenda de conectar con la comunidad LGBTQ+ de Panam\u00e1 en un entorno divertido y seguro.<\/li>\n<li><strong>Ventajas exclusivas<\/strong>: entrada sin colas, bebidas de bienvenida y acceso privilegiado a los mejores lugares LGBTQ+ de la ciudad.<\/li>\n<li><strong>Experiencia segura e inclusiva<\/strong> &#8211; Disfruta de una noche de fiesta sin complicaciones con gu\u00edas experimentados que conocen la escena local.<\/li>\n<\/ul>\n<p>Tanto si viajas solo, en pareja o en grupo, el <strong>Tour de la Vida Nocturna Out in Panama<\/strong> te garantiza una noche inolvidable en los lugares de moda LGBTQ+ de la ciudad.<\/p>\n<p>&nbsp;<\/p>\n","protected":false},"excerpt":{"rendered":"<p>Gira nocturna por Panam\u00e1 Para los viajeros que deseen conocer de primera mano la vibrante vida nocturna LGBTQ+ de Panam\u00e1, la Excursi\u00f3n Nocturna Out in Panama<span class=\"excerpt-hellip\"> [\u2026]<\/span><\/p>\n","protected":false},"author":1,"featured_media":1010,"parent":1064,"menu_order":0,"comment_status":"closed","ping_status":"closed","template":"","meta":{"_coblocks_attr":"","_coblocks_dimensions":"","_coblocks_responsive_height":"","_coblocks_accordion_ie_support":"","footnotes":""},"class_list":["post-1068","page","type-page","status-publish","has-post-thumbnail","hentry"],"jetpack_sharing_enabled":true,"_links":{"self":[{"href":"https:\/\/bookpanamatours.com\/es\/wp-json\/wp\/v2\/pages\/1068","targetHints":{"allow":["GET"]}}],"collection":[{"href":"https:\/\/bookpanamatours.com\/es\/wp-json\/wp\/v2\/pages"}],"about":[{"href":"https:\/\/bookpanamatours.com\/es\/wp-json\/wp\/v2\/types\/page"}],"author":[{"embeddable":true,"href":"https:\/\/bookpanamatours.com\/es\/wp-json\/wp\/v2\/users\/1"}],"replies":[{"embeddable":true,"href":"https:\/\/bookpanamatours.com\/es\/wp-json\/wp\/v2\/comments?post=1068"}],"version-history":[{"count":1,"href":"https:\/\/bookpanamatours.com\/es\/wp-json\/wp\/v2\/pages\/1068\/revisions"}],"predecessor-version":[{"id":1131,"href":"https:\/\/bookpanamatours.com\/es\/wp-json\/wp\/v2\/pages\/1068\/revisions\/1131"}],"up":[{"embeddable":true,"href":"https:\/\/bookpanamatours.com\/es\/wp-json\/wp\/v2\/pages\/1064"}],"wp:featuredmedia":[{"embeddable":true,"href":"https:\/\/bookpanamatours.com\/es\/wp-json\/wp\/v2\/media\/1010"}],"wp:attachment":[{"href":"https:\/\/bookpanamatours.com\/es\/wp-json\/wp\/v2\/media?parent=1068"}],"curies":[{"name":"wp","href":"https:\/\/api.w.org\/{rel}","templated":true}]}}