{"id":1082,"date":"2023-07-27T19:48:07","date_gmt":"2023-07-27T23:48:07","guid":{"rendered":"https:\/\/bookpanamatours.com\/alquiler-de-coches\/"},"modified":"2025-08-16T22:20:39","modified_gmt":"2025-08-17T02:20:39","slug":"alquiler-de-coches","status":"publish","type":"page","link":"https:\/\/bookpanamatours.com\/es\/alquiler-de-coches\/","title":{"rendered":"Alquiler de coches"},"content":{"rendered":"<h2>Alquila un coche en Ciudad de Panam\u00e1<\/h2>\n<p><strong>Explora las maravillas de Ciudad de Panam\u00e1 y m\u00e1s all\u00e1 con un coche de alquiler<\/strong><\/p>\n<p>Emb\u00e1rcate en una aventura inolvidable por la ciudad de Panam\u00e1 y los cautivadores paisajes que te esperan m\u00e1s all\u00e1 de sus bulliciosas calles. Con la libertad de un coche de alquiler, tu viaje por Panam\u00e1 se convierte en un viaje personalizado, que te otorga la flexibilidad de descubrir los mejores <a href=\"https:\/\/bookpanamatours.com\/es\/things-to-do\/\" target=\"_blank\" rel=\"noopener\"><strong>recorridos por Panam\u00e1<\/strong><\/a>joyas ocultas y lugares emblem\u00e1ticos a tu propio ritmo. <\/p>\n<p>Comienza tu exploraci\u00f3n en el coraz\u00f3n de Ciudad de Panam\u00e1, donde los modernos rascacielos se mezclan armoniosamente con la arquitectura colonial. El hist\u00f3rico barrio del Casco Viejo te atrae con sus encantadoras calles adoquinadas y sus vibrantes plazas. Aparca tu coche de alquiler y pasea por las callejuelas, descubriendo pintorescos caf\u00e9s, galer\u00edas de arte y la impresionante Catedral Metropolitana.  <\/p>\n<p>Ninguna visita a Panam\u00e1 est\u00e1 completa sin un viaje por el mundialmente famoso Canal de Panam\u00e1. Conduce hasta las esclusas de Miraflores, donde colosales barcos navegan por esta maravilla de la ingenier\u00eda que conecta los oc\u00e9anos Atl\u00e1ntico y Pac\u00edfico. Sum\u00e9rgete en la historia del canal en el Centro de Visitantes antes de seguir conduciendo hasta las exuberantes selvas tropicales que bordean la ciudad.  <\/p>\n<p>Ad\u00e9ntrate en la naturaleza salvaje del Parque Nacional de Soberan\u00eda, un para\u00edso para los entusiastas de la naturaleza. Capta la sinfon\u00eda de aves tropicales, monos aulladores y vibrante flora mientras recorres los pintorescos senderos. La torre de observaci\u00f3n del parque ofrece vistas panor\u00e1micas, mientras que el lago Gat\u00fan te invita a embarcarte en <strong>una excursi\u00f3n en barco<\/strong>, que te descubrir\u00e1 la diversidad del ecosistema local.  <\/p>\n<p>Cuando te aventures fuera de los l\u00edmites de la ciudad, tu coche de alquiler en Panam\u00e1 te abrir\u00e1 la puerta a nuevas exploraciones. Atraviesa el pintoresco Valle de Ant\u00f3n, una encantadora ciudad enclavada dentro de un cr\u00e1ter volc\u00e1nico extinto. Haz senderismo hasta La India Dormida, una majestuosa formaci\u00f3n monta\u00f1osa, y rejuvenece en las aguas termales naturales que salpican el paisaje.  <\/p>\n<p>La costa del Pac\u00edfico paname\u00f1o tambi\u00e9n est\u00e1 al alcance de tu mano. Conduce hasta la id\u00edlica ciudad costera de Santa Clara, donde las arenas doradas se encuentran con las aguas azules. Rel\u00e1jate junto al oc\u00e9ano, saborea marisco fresco y practica los deportes acu\u00e1ticos que definen el encanto costero de la regi\u00f3n.  <\/p>\n<p>Con un coche de alquiler como compa\u00f1ero de confianza, tu experiencia de viaje por Panam\u00e1 se eleva, permiti\u00e9ndote adentrarte en el diverso tapiz de este encantador destino. Ya sea deleit\u00e1ndote con las delicias cosmopolitas de la ciudad de Panam\u00e1 o aventur\u00e1ndote en los paisajes salvajes que la abrazan, tu viaje se convierte en una odisea de descubrimiento y aventura. <\/p>\n","protected":false},"excerpt":{"rendered":"<p>Alquila un coche en Ciudad de Panam\u00e1 Explora las maravillas de Ciudad de Panam\u00e1 y m\u00e1s all\u00e1 con un coche de alquiler Emb\u00e1rcate en una aventura<span class=\"excerpt-hellip\"> [\u2026]<\/span><\/p>\n","protected":false},"author":1,"featured_media":943,"parent":0,"menu_order":0,"comment_status":"closed","ping_status":"closed","template":"","meta":{"_coblocks_attr":"","_coblocks_dimensions":"","_coblocks_responsive_height":"","_coblocks_accordion_ie_support":"","footnotes":""},"class_list":["post-1082","page","type-page","status-publish","has-post-thumbnail","hentry"],"jetpack_sharing_enabled":true,"_links":{"self":[{"href":"https:\/\/bookpanamatours.com\/es\/wp-json\/wp\/v2\/pages\/1082","targetHints":{"allow":["GET"]}}],"collection":[{"href":"https:\/\/bookpanamatours.com\/es\/wp-json\/wp\/v2\/pages"}],"about":[{"href":"https:\/\/bookpanamatours.com\/es\/wp-json\/wp\/v2\/types\/page"}],"author":[{"embeddable":true,"href":"https:\/\/bookpanamatours.com\/es\/wp-json\/wp\/v2\/users\/1"}],"replies":[{"embeddable":true,"href":"https:\/\/bookpanamatours.com\/es\/wp-json\/wp\/v2\/comments?post=1082"}],"version-history":[{"count":1,"href":"https:\/\/bookpanamatours.com\/es\/wp-json\/wp\/v2\/pages\/1082\/revisions"}],"predecessor-version":[{"id":1346,"href":"https:\/\/bookpanamatours.com\/es\/wp-json\/wp\/v2\/pages\/1082\/revisions\/1346"}],"wp:featuredmedia":[{"embeddable":true,"href":"https:\/\/bookpanamatours.com\/es\/wp-json\/wp\/v2\/media\/943"}],"wp:attachment":[{"href":"https:\/\/bookpanamatours.com\/es\/wp-json\/wp\/v2\/media?parent=1082"}],"curies":[{"name":"wp","href":"https:\/\/api.w.org\/{rel}","templated":true}]}}