{"id":1084,"date":"2023-07-26T01:06:29","date_gmt":"2023-07-26T05:06:29","guid":{"rendered":"https:\/\/bookpanamatours.com\/cosas-que-hacer\/"},"modified":"2025-09-14T18:17:32","modified_gmt":"2025-09-14T22:17:32","slug":"things-to-do","status":"publish","type":"page","link":"https:\/\/bookpanamatours.com\/es\/things-to-do\/","title":{"rendered":"Cosas que hacer"},"content":{"rendered":"<h1>Las mejores cosas que hacer en Panam\u00e1<\/h1>\n<p>Bienvenido a Panam\u00e1, donde selvas tropicales, playas v\u00edrgenes y ciudades vibrantes esperan tu exploraci\u00f3n. Esta gu\u00eda de viaje destaca las mejores cosas que hacer en esta joya centroamericana, proporcionando un viaje inolvidable a trav\u00e9s de su rica cultura, maravillas naturales y lugares de inter\u00e9s hist\u00f3rico. <\/p>\n<p><span style=\"color: #ffffff;\">*Nota: \u201cLas mejores cosas que hacer en Panam\u00e1\u201d, \u201cGu\u00eda de viajes de Panam\u00e1\u201d, \u201cVisita al Canal de Panam\u00e1\u201d, \u201cExcursi\u00f3n a las Islas de San Blas\u201d, \u201cActividades en Bocas del Toro\u201d, \u201cLugares emblem\u00e1ticos de Casco Viejo\u201d, \u201cExcursiones a Boquete\u201d, \u201cEncuentro en el pueblo de Ember\u00e1\u201d, \u201cExcursi\u00f3n de un d\u00eda a la Isla de Taboga\u201d, \u201cEsn\u00f3rquel en el Golfo de Chiriqu\u00ed\u201d y \u201cCinta Costera de Ciudad de Panam\u00e1\u201d son algunas de las palabras clave SEO incorporadas en esta gu\u00eda de viajes.*<\/span><\/p>\n","protected":false},"excerpt":{"rendered":"<p>Las mejores cosas que hacer en Panam\u00e1 Bienvenido a Panam\u00e1, donde selvas tropicales, playas v\u00edrgenes y ciudades vibrantes esperan tu exploraci\u00f3n. Esta gu\u00eda de viaje destaca<span class=\"excerpt-hellip\"> [\u2026]<\/span><\/p>\n","protected":false},"author":1,"featured_media":942,"parent":0,"menu_order":0,"comment_status":"closed","ping_status":"closed","template":"","meta":{"_coblocks_attr":"","_coblocks_dimensions":"","_coblocks_responsive_height":"","_coblocks_accordion_ie_support":"","footnotes":""},"class_list":["post-1084","page","type-page","status-publish","has-post-thumbnail","hentry"],"jetpack_sharing_enabled":true,"_links":{"self":[{"href":"https:\/\/bookpanamatours.com\/es\/wp-json\/wp\/v2\/pages\/1084","targetHints":{"allow":["GET"]}}],"collection":[{"href":"https:\/\/bookpanamatours.com\/es\/wp-json\/wp\/v2\/pages"}],"about":[{"href":"https:\/\/bookpanamatours.com\/es\/wp-json\/wp\/v2\/types\/page"}],"author":[{"embeddable":true,"href":"https:\/\/bookpanamatours.com\/es\/wp-json\/wp\/v2\/users\/1"}],"replies":[{"embeddable":true,"href":"https:\/\/bookpanamatours.com\/es\/wp-json\/wp\/v2\/comments?post=1084"}],"version-history":[{"count":1,"href":"https:\/\/bookpanamatours.com\/es\/wp-json\/wp\/v2\/pages\/1084\/revisions"}],"predecessor-version":[{"id":1231,"href":"https:\/\/bookpanamatours.com\/es\/wp-json\/wp\/v2\/pages\/1084\/revisions\/1231"}],"wp:featuredmedia":[{"embeddable":true,"href":"https:\/\/bookpanamatours.com\/es\/wp-json\/wp\/v2\/media\/942"}],"wp:attachment":[{"href":"https:\/\/bookpanamatours.com\/es\/wp-json\/wp\/v2\/media?parent=1084"}],"curies":[{"name":"wp","href":"https:\/\/api.w.org\/{rel}","templated":true}]}}